{"id":2,"date":"2018-11-04T20:59:16","date_gmt":"2018-11-04T19:59:16","guid":{"rendered":"http:\/\/www.lora-aprs.at\/?page_id=2"},"modified":"2026-02-03T11:39:58","modified_gmt":"2026-02-03T10:39:58","slug":"beispiel-seite","status":"publish","type":"page","link":"https:\/\/www.lora-aprs.at\/","title":{"rendered":"Home"},"content":{"rendered":"\n<p><mark style=\"background-color:#fcb900\" class=\"has-inline-color\"><strong>Sorry, wir haben die Produktion der Boards seit einiger Zeit eingestellt und haben keine neuen Boards mehr verf\u00fcgbar<\/strong>!<\/mark><\/p>\n\n\n\n<p><\/p>\n\n\n\n<p><\/p>\n\n\n<p><strong><span style=\"color: #008000;\"><em>LoRa\u00ae Modulation <\/em><\/span><\/strong><br \/><strong><span style=\"color: #008000;\"><em>The LoRa\u00ae modulation is a spread-spectrum technique that uses wideband linear frequency modulated pulses to encode information, whose frequency increases or decreases over a certain amount of time. <\/em><\/span><\/strong><br \/><strong><span style=\"color: #008000;\"><em>As with other spread-spectrum modulation techniques, LoRa\u00ae uses the entire channel bandwidth to broadcast a signal, making it robust to channel noise. In addition, because LoRa\u00ae modulation uses a broad band of the spectrum, it is also resistant to long term relative frequency error, multi-path fading and Doppler effects.<\/em><\/span><\/strong><\/p>\n<p>&#8212;<\/p>\n<p>LoRa ist eine Modulationstechnologie, die es durch ein Frequenzspreizverfahren erlaubt, Daten mit kleinsten Leistungen \u00fcber gro\u00dfe Distanzen zu \u00fcbertragen. Unsere Versuche haben gezeigt, dass Entfernungen von mehr als 100km mit einer \u00e4u\u00dferst geringen Sendeleistung von ca 17dBm (58 mW) bei direkter Sichtverbindung \u00fcberbr\u00fcckbar sind.<\/p>\n<p><img loading=\"lazy\" decoding=\"async\" class=\"alignnone wp-image-303\" src=\"http:\/\/www.lora-aprs.at\/wp-content\/uploads\/2019\/01\/Teufelstein_OE45DNS_108km_-300x149.png\" alt=\"\" width=\"660\" height=\"328\" srcset=\"https:\/\/www.lora-aprs.at\/wp-content\/uploads\/2019\/01\/Teufelstein_OE45DNS_108km_-300x149.png 300w, https:\/\/www.lora-aprs.at\/wp-content\/uploads\/2019\/01\/Teufelstein_OE45DNS_108km_-230x114.png 230w, https:\/\/www.lora-aprs.at\/wp-content\/uploads\/2019\/01\/Teufelstein_OE45DNS_108km_-350x173.png 350w, https:\/\/www.lora-aprs.at\/wp-content\/uploads\/2019\/01\/Teufelstein_OE45DNS_108km_-480x238.png 480w, https:\/\/www.lora-aprs.at\/wp-content\/uploads\/2019\/01\/Teufelstein_OE45DNS_108km_.png 729w\" sizes=\"auto, (max-width: 660px) 100vw, 660px\" \/><\/p>\n<h6>mit 17dBm (58mW) und Stabantenne am Tracker vom Teufelstein nach Sch\u00f6nau (65km) oder Neusiedl (108km)<\/h6>\n<p>Die LoRa Technologie wurde eigentlich zum Datentransfer f\u00fcr IOT Devices in den ISM B\u00e4ndern entwickelt (LoraWAN) und wird dort auch erfolgreich eingesetzt. Durch die gro\u00dfe Verbreitung und damit gro\u00dfe St\u00fcckzahlen sind die Kosten f\u00fcr die ben\u00f6tigte Hardware extrem gesunken und f\u00fcr Projekte im Amateurbereich erschwinglich und \u00e4u\u00dferst interessant. F\u00fcr Funkamateure bietet sich speziell die 433 MHz Version an, da diese im 70 cm Band von Amateuren ohne die \u00fcblichen Einschr\u00e4nkungen f\u00fcr IOT im ISM Band (Duty-Cycle, Sendeleistung, etc \u2026) verwendet werden kann.<\/p>\n<p>Es hat sich somit vor einiger Zeit eine Interessensgruppe unter Funkamateuren und Freunden gebildet, mit dem Ziel ein fl\u00e4chendeckendes LoRa Netz aufzubauen, um verschiedene Daten (GPS-Standort, Telemetrie, Messwerte, Messages, Remote-Steuerung, \u2026) auszutauschen und in das bestehende APRS-Netzwerk einzubinden.<\/p>\n<p>Im Wiener Raum haben wir begonnen, die Infrastruktur mit einigen Gateways erfolgreich aufzubauen. Erfreulicherweise w\u00e4chst die LoRa-APRS Community rasant an und somit wird auch die Netzabdeckung durch weitere Gateways immer gr\u00f6\u00dfer. Von einer gro\u00dffl\u00e4chigen Abdeckung \u00fcber das gesamte Bundesgebiet sind wir allerdings noch etwas entfernt und wir suchen Gateway-Standorte in exponierter Lage, idealerweise mit Internet oder HAMNET Zugang.<\/p>\n<p>Um diesen erfreulichen Trend zu unterst\u00fctzen und den Einstieg zu erleichtern, haben wir begonnen, einfache APRS-Tracker-Devices zu entwickeln und Bauanleitungen (<a href=\"http:\/\/www.lora-aprs.at\/index.php\/downloads\/\">http:\/\/www.lora-aprs.at\/index.php\/downloads\/<\/a> ) aufzulegen, bzw Platinen und St\u00fccklisten\u00a0 zum einfachen Aufbau von Trackern und Gateways im Kleinformat herzustellen.\u00a0 Ebenfalls sind \u201aSTL\u2018-Files zum 3D-Druck von Geh\u00e4usen verf\u00fcgbar.<\/p>\n<p>Wir haben noch einige Platinen auf Lager &#8211; falls jemand Interesse am Nachbau hat, k\u00f6nnen wir die Platinen zum Selbstkostenpreis (ca \u20ac 9,00 + Versand) zur Verf\u00fcgung stellen.<\/p>\n<p><img loading=\"lazy\" decoding=\"async\" class=\"alignnone wp-image-45\" src=\"http:\/\/www.lora-aprs.at\/wp-content\/uploads\/2018\/11\/LoRa_Gateway_b-300x200.png\" alt=\"\" width=\"168\" height=\"112\" srcset=\"https:\/\/www.lora-aprs.at\/wp-content\/uploads\/2018\/11\/LoRa_Gateway_b-300x200.png 300w, https:\/\/www.lora-aprs.at\/wp-content\/uploads\/2018\/11\/LoRa_Gateway_b-768x512.png 768w, https:\/\/www.lora-aprs.at\/wp-content\/uploads\/2018\/11\/LoRa_Gateway_b-1024x683.png 1024w, https:\/\/www.lora-aprs.at\/wp-content\/uploads\/2018\/11\/LoRa_Gateway_b-830x553.png 830w, https:\/\/www.lora-aprs.at\/wp-content\/uploads\/2018\/11\/LoRa_Gateway_b-230x153.png 230w, https:\/\/www.lora-aprs.at\/wp-content\/uploads\/2018\/11\/LoRa_Gateway_b-350x233.png 350w, https:\/\/www.lora-aprs.at\/wp-content\/uploads\/2018\/11\/LoRa_Gateway_b-480x320.png 480w\" sizes=\"auto, (max-width: 168px) 100vw, 168px\" \/><img loading=\"lazy\" decoding=\"async\" class=\"alignnone wp-image-43\" src=\"http:\/\/www.lora-aprs.at\/wp-content\/uploads\/2018\/11\/LoRa-Esp32-ohne-display-slim_t-300x200.png\" alt=\"\" width=\"223\" height=\"149\" srcset=\"https:\/\/www.lora-aprs.at\/wp-content\/uploads\/2018\/11\/LoRa-Esp32-ohne-display-slim_t-300x200.png 300w, https:\/\/www.lora-aprs.at\/wp-content\/uploads\/2018\/11\/LoRa-Esp32-ohne-display-slim_t-768x512.png 768w, https:\/\/www.lora-aprs.at\/wp-content\/uploads\/2018\/11\/LoRa-Esp32-ohne-display-slim_t-1024x683.png 1024w, https:\/\/www.lora-aprs.at\/wp-content\/uploads\/2018\/11\/LoRa-Esp32-ohne-display-slim_t-830x553.png 830w, https:\/\/www.lora-aprs.at\/wp-content\/uploads\/2018\/11\/LoRa-Esp32-ohne-display-slim_t-230x153.png 230w, https:\/\/www.lora-aprs.at\/wp-content\/uploads\/2018\/11\/LoRa-Esp32-ohne-display-slim_t-350x233.png 350w, https:\/\/www.lora-aprs.at\/wp-content\/uploads\/2018\/11\/LoRa-Esp32-ohne-display-slim_t-480x320.png 480w\" sizes=\"auto, (max-width: 223px) 100vw, 223px\" \/><img loading=\"lazy\" decoding=\"async\" class=\"alignnone wp-image-41\" src=\"http:\/\/www.lora-aprs.at\/wp-content\/uploads\/2018\/11\/LoRa-Esp32-Display-slim_b-300x200.png\" alt=\"\" width=\"152\" height=\"101\" srcset=\"https:\/\/www.lora-aprs.at\/wp-content\/uploads\/2018\/11\/LoRa-Esp32-Display-slim_b-300x200.png 300w, https:\/\/www.lora-aprs.at\/wp-content\/uploads\/2018\/11\/LoRa-Esp32-Display-slim_b-768x512.png 768w, https:\/\/www.lora-aprs.at\/wp-content\/uploads\/2018\/11\/LoRa-Esp32-Display-slim_b-1024x683.png 1024w, https:\/\/www.lora-aprs.at\/wp-content\/uploads\/2018\/11\/LoRa-Esp32-Display-slim_b-830x553.png 830w, https:\/\/www.lora-aprs.at\/wp-content\/uploads\/2018\/11\/LoRa-Esp32-Display-slim_b-230x153.png 230w, https:\/\/www.lora-aprs.at\/wp-content\/uploads\/2018\/11\/LoRa-Esp32-Display-slim_b-350x233.png 350w, https:\/\/www.lora-aprs.at\/wp-content\/uploads\/2018\/11\/LoRa-Esp32-Display-slim_b-480x320.png 480w\" sizes=\"auto, (max-width: 152px) 100vw, 152px\" \/><img loading=\"lazy\" decoding=\"async\" class=\"alignnone wp-image-38\" src=\"http:\/\/www.lora-aprs.at\/wp-content\/uploads\/2018\/11\/IO-Expander-Board_t-300x200.png\" alt=\"\" width=\"143\" height=\"95\" srcset=\"https:\/\/www.lora-aprs.at\/wp-content\/uploads\/2018\/11\/IO-Expander-Board_t-300x200.png 300w, https:\/\/www.lora-aprs.at\/wp-content\/uploads\/2018\/11\/IO-Expander-Board_t-768x512.png 768w, https:\/\/www.lora-aprs.at\/wp-content\/uploads\/2018\/11\/IO-Expander-Board_t-1024x683.png 1024w, https:\/\/www.lora-aprs.at\/wp-content\/uploads\/2018\/11\/IO-Expander-Board_t-830x553.png 830w, https:\/\/www.lora-aprs.at\/wp-content\/uploads\/2018\/11\/IO-Expander-Board_t-230x153.png 230w, https:\/\/www.lora-aprs.at\/wp-content\/uploads\/2018\/11\/IO-Expander-Board_t-350x233.png 350w, https:\/\/www.lora-aprs.at\/wp-content\/uploads\/2018\/11\/IO-Expander-Board_t-480x320.png 480w\" sizes=\"auto, (max-width: 143px) 100vw, 143px\" \/><img loading=\"lazy\" decoding=\"async\" class=\"alignnone wp-image-36\" src=\"http:\/\/www.lora-aprs.at\/wp-content\/uploads\/2018\/11\/ESP32_ohne_Akku_mini_t-300x200.png\" alt=\"\" width=\"180\" height=\"120\" srcset=\"https:\/\/www.lora-aprs.at\/wp-content\/uploads\/2018\/11\/ESP32_ohne_Akku_mini_t-300x200.png 300w, https:\/\/www.lora-aprs.at\/wp-content\/uploads\/2018\/11\/ESP32_ohne_Akku_mini_t-768x512.png 768w, https:\/\/www.lora-aprs.at\/wp-content\/uploads\/2018\/11\/ESP32_ohne_Akku_mini_t-1024x683.png 1024w, https:\/\/www.lora-aprs.at\/wp-content\/uploads\/2018\/11\/ESP32_ohne_Akku_mini_t-830x553.png 830w, https:\/\/www.lora-aprs.at\/wp-content\/uploads\/2018\/11\/ESP32_ohne_Akku_mini_t-230x153.png 230w, https:\/\/www.lora-aprs.at\/wp-content\/uploads\/2018\/11\/ESP32_ohne_Akku_mini_t-350x233.png 350w, https:\/\/www.lora-aprs.at\/wp-content\/uploads\/2018\/11\/ESP32_ohne_Akku_mini_t-480x320.png 480w\" sizes=\"auto, (max-width: 180px) 100vw, 180px\" \/><\/p>\n<p>Die Tracker basieren auf g\u00fcnstigen aber leistungsf\u00e4higen ESP32 WROOM Microcontrollern (mit WiFi\/BT), RFM96\/98 Lora-Modulen, OLED Display, NEOS8 GPS und k\u00f6nnen mit weiteren Sensoren (BME280 Luftdruck, H\u00f6he, Temperatur, Feuchtigkeit), bzw IO-Expander \u2013 ie. zur Relaisteuerung ausgestattet werden. (die Bauteilkosten f\u00fcr Tracker sollten bei Bestellung in China sehr \u00fcberschaubar sein &#8211; ca bei 40-50 \u20ac f\u00fcr unsere Prototypen)<\/p>\n<p><img loading=\"lazy\" decoding=\"async\" class=\"alignnone wp-image-203\" src=\"http:\/\/www.lora-aprs.at\/wp-content\/uploads\/2018\/12\/IMG_0593-300x200.jpg\" alt=\"\" width=\"782\" height=\"521\" srcset=\"https:\/\/www.lora-aprs.at\/wp-content\/uploads\/2018\/12\/IMG_0593-300x200.jpg 300w, https:\/\/www.lora-aprs.at\/wp-content\/uploads\/2018\/12\/IMG_0593-768x512.jpg 768w, https:\/\/www.lora-aprs.at\/wp-content\/uploads\/2018\/12\/IMG_0593-1024x683.jpg 1024w, https:\/\/www.lora-aprs.at\/wp-content\/uploads\/2018\/12\/IMG_0593-830x553.jpg 830w, https:\/\/www.lora-aprs.at\/wp-content\/uploads\/2018\/12\/IMG_0593-230x153.jpg 230w, https:\/\/www.lora-aprs.at\/wp-content\/uploads\/2018\/12\/IMG_0593-350x233.jpg 350w, https:\/\/www.lora-aprs.at\/wp-content\/uploads\/2018\/12\/IMG_0593-480x320.jpg 480w\" sizes=\"auto, (max-width: 782px) 100vw, 782px\" \/><\/p>\n<p>Tracker Software steht im \u201aBin\u00e4r-Format\u2018 zur Verf\u00fcgung und wird st\u00e4ndig weiterentwickelt und kann \u00fcber USB, OTA \u00fcber WLAN oder jetzt auch direkt von unserer Seite \u00fcber den Tracker upgedated werden.<\/p>\n<p>Als Gateways verwenden wir die \u00e4u\u00dferst kleinen Raspberry PiZero W mit Lora-Shield, der sowohl f\u00fcr Dragino und iot4Pi Anschlussbelegung \u201agejumpert\u2018 werden kann. Das Shield passt auch auf Rasperry Pi3 (+) mit gleicher GPIO Belegung. Als Gateway-Software kommt Sascha&#8217;s\u00a0 iot4Pi Version\u00a0 mit Erweiterungen zum Einsatz. (SD-Karten Image verf\u00fcgbar.)<\/p>\n<p><img loading=\"lazy\" decoding=\"async\" class=\"alignnone wp-image-189\" src=\"http:\/\/www.lora-aprs.at\/wp-content\/uploads\/2018\/12\/IMG_0563-300x200.jpg\" alt=\"\" width=\"408\" height=\"272\" srcset=\"https:\/\/www.lora-aprs.at\/wp-content\/uploads\/2018\/12\/IMG_0563-300x200.jpg 300w, https:\/\/www.lora-aprs.at\/wp-content\/uploads\/2018\/12\/IMG_0563-768x512.jpg 768w, https:\/\/www.lora-aprs.at\/wp-content\/uploads\/2018\/12\/IMG_0563-1024x683.jpg 1024w, https:\/\/www.lora-aprs.at\/wp-content\/uploads\/2018\/12\/IMG_0563-830x553.jpg 830w, https:\/\/www.lora-aprs.at\/wp-content\/uploads\/2018\/12\/IMG_0563-230x153.jpg 230w, https:\/\/www.lora-aprs.at\/wp-content\/uploads\/2018\/12\/IMG_0563-350x233.jpg 350w, https:\/\/www.lora-aprs.at\/wp-content\/uploads\/2018\/12\/IMG_0563-480x320.jpg 480w\" sizes=\"auto, (max-width: 408px) 100vw, 408px\" \/> <img loading=\"lazy\" decoding=\"async\" class=\"alignnone wp-image-192\" src=\"http:\/\/www.lora-aprs.at\/wp-content\/uploads\/2018\/12\/IMG_0570-300x200.jpg\" alt=\"\" width=\"391\" height=\"260\" srcset=\"https:\/\/www.lora-aprs.at\/wp-content\/uploads\/2018\/12\/IMG_0570-300x200.jpg 300w, https:\/\/www.lora-aprs.at\/wp-content\/uploads\/2018\/12\/IMG_0570-768x512.jpg 768w, https:\/\/www.lora-aprs.at\/wp-content\/uploads\/2018\/12\/IMG_0570-1024x683.jpg 1024w, https:\/\/www.lora-aprs.at\/wp-content\/uploads\/2018\/12\/IMG_0570-830x553.jpg 830w, https:\/\/www.lora-aprs.at\/wp-content\/uploads\/2018\/12\/IMG_0570-230x153.jpg 230w, https:\/\/www.lora-aprs.at\/wp-content\/uploads\/2018\/12\/IMG_0570-350x233.jpg 350w, https:\/\/www.lora-aprs.at\/wp-content\/uploads\/2018\/12\/IMG_0570-480x320.jpg 480w\" sizes=\"auto, (max-width: 391px) 100vw, 391px\" \/><\/p>\n<p><strong>Wir m\u00f6chten noch betonen, dass es sich hier um ein rein privates Projekt f\u00fcr Funkamateure zum Informationsaustausch im Bereich LoRa und Microcontroller Technologie handelt, das mit keinerlei kommerziellen Interessen verbunden ist.<\/strong><\/p>\n<p><span style=\"color: #ff0000;\"><strong>Sorry, wir mussten die\u00a0 Produktion der Boards aus Zeitgr\u00fcnden vor einiger Zeit einstellen und haben leider keine neuen Boards mehr verf\u00fcgbar<\/strong>!!!<\/span><\/p>\n<p><del>Falls Interesse am Nachbau besteht, k\u00f6nnen wir gerne weiterhelfen. Wir haben noch einige Platinen\/PCBs verf\u00fcgbar, die wir zum Selbstkostenpreis (ca \u20ac 9,00 + Versand) zur Verf\u00fcgung stellen k\u00f6nnen.<\/del><\/p>\n<p><del>Kenntnisse im Umgang mit SMD Bauteilen, sowie eine geeignete, temperatur-geregelte L\u00f6tstation mit feiner Spitze w\u00e4ren vorteilhaft.\u00a0<\/del><\/p>\n<p><del>Wir haben eine kleine Zahl an Platinen vorbest\u00fcckt &#8211; falls jemand keine SMD Teile l\u00f6ten will, k\u00f6nnen wir mit SMD-vorbest\u00fcckten Platinen (Reflow) aushelfen.<\/del><\/p>\n<p><del>Fertige Baus\u00e4tze haben wir leider noch keine, da die Lagerung von Bauteilen in gr\u00f6\u00dferen St\u00fcckzahlen doch relativ kostenintensiv ist, und unsere finanziellen M\u00f6glichkeiten \u00fcberschreitet &#8211; aber vielleicht findet sich ein Sponsor, der dies \u00fcbernehmen k\u00f6nnte und Baus\u00e4tze auflegt &#8230;.<\/del><\/p>\n<p><del>Viel Spa\u00df beim Nachbau!<\/del><\/p>\n<p>73,<\/p>\n<p>Bernd\/OE1ACM &amp; Christoph\/OE1CGC<\/p>\n<p><img loading=\"lazy\" decoding=\"async\" class=\"alignnone size-medium wp-image-237\" src=\"http:\/\/www.lora-aprs.at\/wp-content\/uploads\/2018\/12\/IMG_0657-300x200.jpg\" alt=\"\" width=\"300\" height=\"200\" srcset=\"https:\/\/www.lora-aprs.at\/wp-content\/uploads\/2018\/12\/IMG_0657-300x200.jpg 300w, https:\/\/www.lora-aprs.at\/wp-content\/uploads\/2018\/12\/IMG_0657-768x512.jpg 768w, https:\/\/www.lora-aprs.at\/wp-content\/uploads\/2018\/12\/IMG_0657-1024x683.jpg 1024w, https:\/\/www.lora-aprs.at\/wp-content\/uploads\/2018\/12\/IMG_0657-830x553.jpg 830w, https:\/\/www.lora-aprs.at\/wp-content\/uploads\/2018\/12\/IMG_0657-230x153.jpg 230w, https:\/\/www.lora-aprs.at\/wp-content\/uploads\/2018\/12\/IMG_0657-350x233.jpg 350w, https:\/\/www.lora-aprs.at\/wp-content\/uploads\/2018\/12\/IMG_0657-480x320.jpg 480w\" sizes=\"auto, (max-width: 300px) 100vw, 300px\" \/>\u00a0 <img loading=\"lazy\" decoding=\"async\" class=\"alignnone size-medium wp-image-218\" src=\"http:\/\/www.lora-aprs.at\/wp-content\/uploads\/2018\/12\/IMG_0630-300x200.jpg\" alt=\"\" width=\"300\" height=\"200\" srcset=\"https:\/\/www.lora-aprs.at\/wp-content\/uploads\/2018\/12\/IMG_0630-300x200.jpg 300w, https:\/\/www.lora-aprs.at\/wp-content\/uploads\/2018\/12\/IMG_0630-768x512.jpg 768w, https:\/\/www.lora-aprs.at\/wp-content\/uploads\/2018\/12\/IMG_0630-1024x683.jpg 1024w, https:\/\/www.lora-aprs.at\/wp-content\/uploads\/2018\/12\/IMG_0630-830x553.jpg 830w, https:\/\/www.lora-aprs.at\/wp-content\/uploads\/2018\/12\/IMG_0630-230x153.jpg 230w, https:\/\/www.lora-aprs.at\/wp-content\/uploads\/2018\/12\/IMG_0630-350x233.jpg 350w, https:\/\/www.lora-aprs.at\/wp-content\/uploads\/2018\/12\/IMG_0630-480x320.jpg 480w\" sizes=\"auto, (max-width: 300px) 100vw, 300px\" \/> <img loading=\"lazy\" decoding=\"async\" class=\"alignnone size-medium wp-image-217\" src=\"http:\/\/www.lora-aprs.at\/wp-content\/uploads\/2018\/12\/IMG_0628-300x200.jpg\" alt=\"\" width=\"300\" height=\"200\" srcset=\"https:\/\/www.lora-aprs.at\/wp-content\/uploads\/2018\/12\/IMG_0628-300x200.jpg 300w, https:\/\/www.lora-aprs.at\/wp-content\/uploads\/2018\/12\/IMG_0628-768x512.jpg 768w, https:\/\/www.lora-aprs.at\/wp-content\/uploads\/2018\/12\/IMG_0628-1024x683.jpg 1024w, https:\/\/www.lora-aprs.at\/wp-content\/uploads\/2018\/12\/IMG_0628-830x553.jpg 830w, https:\/\/www.lora-aprs.at\/wp-content\/uploads\/2018\/12\/IMG_0628-230x153.jpg 230w, https:\/\/www.lora-aprs.at\/wp-content\/uploads\/2018\/12\/IMG_0628-350x233.jpg 350w, https:\/\/www.lora-aprs.at\/wp-content\/uploads\/2018\/12\/IMG_0628-480x320.jpg 480w\" sizes=\"auto, (max-width: 300px) 100vw, 300px\" \/><\/p>\n\n\n<p><\/p>\n","protected":false},"excerpt":{"rendered":"<p>Sorry, wir haben die Produktion der Boards seit einiger Zeit eingestellt und haben keine neuen Boards mehr verf\u00fcgbar! LoRa\u00ae Modulation The LoRa\u00ae modulation is a spread-spectrum technique that uses wideband linear frequency modulated pulses to encode information, whose frequency increases or decreases over a certain amount of time. As with other spread-spectrum modulation techniques, LoRa\u00ae [&hellip;]<\/p>\n","protected":false},"author":1,"featured_media":0,"parent":0,"menu_order":0,"comment_status":"closed","ping_status":"open","template":"","meta":{"footnotes":""},"class_list":["post-2","page","type-page","status-publish","hentry"],"jetpack_sharing_enabled":true,"jetpack_shortlink":"https:\/\/wp.me\/ParEtM-2","_links":{"self":[{"href":"https:\/\/www.lora-aprs.at\/index.php\/wp-json\/wp\/v2\/pages\/2","targetHints":{"allow":["GET"]}}],"collection":[{"href":"https:\/\/www.lora-aprs.at\/index.php\/wp-json\/wp\/v2\/pages"}],"about":[{"href":"https:\/\/www.lora-aprs.at\/index.php\/wp-json\/wp\/v2\/types\/page"}],"author":[{"embeddable":true,"href":"https:\/\/www.lora-aprs.at\/index.php\/wp-json\/wp\/v2\/users\/1"}],"replies":[{"embeddable":true,"href":"https:\/\/www.lora-aprs.at\/index.php\/wp-json\/wp\/v2\/comments?post=2"}],"version-history":[{"count":27,"href":"https:\/\/www.lora-aprs.at\/index.php\/wp-json\/wp\/v2\/pages\/2\/revisions"}],"predecessor-version":[{"id":1246,"href":"https:\/\/www.lora-aprs.at\/index.php\/wp-json\/wp\/v2\/pages\/2\/revisions\/1246"}],"wp:attachment":[{"href":"https:\/\/www.lora-aprs.at\/index.php\/wp-json\/wp\/v2\/media?parent=2"}],"curies":[{"name":"wp","href":"https:\/\/api.w.org\/{rel}","templated":true}]}}